{"id":1271,"date":"2023-06-08T15:43:07","date_gmt":"2023-06-08T15:43:07","guid":{"rendered":"https:\/\/kbmark.cat\/proteccion-de-datos\/"},"modified":"2023-06-08T15:43:40","modified_gmt":"2023-06-08T15:43:40","slug":"proteccion-de-datos","status":"publish","type":"page","link":"https:\/\/kbmark.cat\/ca\/proteccion-de-datos\/","title":{"rendered":"Protecci\u00f3n de datos"},"content":{"rendered":"<div id=\"container\" class=\"wrapper\">\n<div id=\"avis_legal\">\n<div id=\"container\" class=\"wrapper\">\n<div id=\"avis_legal\">\n<p><strong>El responsable del tratamiento de sus datos<\/strong><\/p>\n<p>Identidad. KRE-BAND SL con CIF: B-31574841<br \/>\nDirecci\u00f3n Postal: Poligono Industrial Cabrianes, s\/n 08650 Cabrianes (Barcelona)<br \/>\nTelf: 938.206.102<br \/>\nCorreo Electr\u00f3nico:\u00a0<a href=\"mailto:kreband@kreband.com\">kreband@kreband.com<\/a><\/p>\n<p>&nbsp;<\/p>\n<h4>Finalidad<\/h4>\n<p><strong>Con que finalidad tratamos sus Datos<\/strong><\/p>\n<p>En KRE-BAND SL tratamos la informaci\u00f3n que nos facilita las personas interesadas con el Fin de Gestionar el env\u00edo de la informaci\u00f3n que nos soliciten y facilitar ofertas de productos y\/o servicios de su inter\u00e9s, tambi\u00e9n elaboraremos un \u201cperfil comercial\u201d en base a la informaci\u00f3n facilitada. No se tomaran decisiones automatizadas en base a dicho perfil.<\/p>\n<p>&nbsp;<\/p>\n<p><strong>Duraci\u00f3n del tratamiento de Datos<br \/>\n<\/strong><\/p>\n<p>Criterios de conservaci\u00f3n de los datos: Se conservar\u00e1n mientras exista un inter\u00e9s mutuo para mantener el fin del tratamiento y cuando ya no sea necesario para tal fin, se suprimir\u00e1n con medidas de seguridad adecuadas para garantizar la seudonimizaci\u00f3n de los datos o la destrucci\u00f3n total de los mismos.<\/p>\n<p>&nbsp;<\/p>\n<h4>Legitimaci\u00f3n<\/h4>\n<p><strong>Cu\u00e1l es la legitimaci\u00f3n para el tratamiento de datos<\/strong><\/p>\n<p>La base legal para el tratamiento de sus datos es mediante el consentimiento del afectado, la ejecuci\u00f3n de contrato de servicios y ofrecer respuestas a sus consultas recibidas mediante el formulario de contacto o correo electr\u00f3nico (seg\u00fan los t\u00e9rminos y condiciones que constan en nuestra pol\u00edtica de privacidad).<\/p>\n<p>La oferta prospectiva de productos y servicios est\u00e1 basada en el consentimiento que se solicita, sin que en ning\u00fan caso la retirada de este consentimiento condicione la ejecuci\u00f3n del contrato de servicios.<\/p>\n<p>&nbsp;<\/p>\n<h4>Destinatarios<\/h4>\n<p><strong>\u00bfA qu\u00e9 destinatarios se comunican datos?<\/strong><\/p>\n<p>No se comunicar\u00e1n los datos a ning\u00fan destinatario, salvo obligaci\u00f3n legal.<\/p>\n<p>&nbsp;<\/p>\n<h4>Derechos<\/h4>\n<p><strong>\u00bfCu\u00e1les son sus derechos cuando nos facilita sus datos?<br \/>\n<\/strong><\/p>\n<ul>\n<li>Cualquier persona tiene derecho a obtener confirmaci\u00f3n sobre si en KRE-BAND SL estamos tratando datos personales que les conciernan, o no.<\/li>\n<li>Las personas interesadas tienen derecho a si acceder a sus datos personales, as\u00ed como solicitar la rectificaci\u00f3n de los datos inexactos o, en su caso, solicitar su supresi\u00f3n cuando, entre otros motivos, los datos ya no sean necesarios para los fines que fueron recogidos.<\/li>\n<li>En determinadas circunstancias previstas en el art\u00edculo 18 RGPD, los interesados \u200b\u200bpueden solicitar la limitaci\u00f3n del tratamiento de sus datos. En este caso, \u00fanicamente las conservaremos para ejercer o defender reclamaciones.<\/li>\n<li>Los interesados \u200b\u200bpueden oponerse al tratamiento de sus datos con fines de env\u00edo de la informaci\u00f3n que nos soliciten y facilitar ofertas de productos y \/ o servicios de su inter\u00e9s. KRE-BAND SL dejar\u00e1 de tratar los datos, salvo motivos leg\u00edtimos imperiosos o para ejercer o defender posibles reclamaciones.<\/li>\n<li>En virtud del derecho a la portabilidad, los interesados \u200b\u200btienen derecho a obtener sus datos personales en un formato estructurado de uso com\u00fan y lectura mec\u00e1nica y transmitirlos a otro responsable.<\/li>\n<\/ul>\n<p>&nbsp;<\/p>\n<p><strong>\u00bfC\u00f3mo puede ejercer los derechos?<\/strong><\/p>\n<p>Mediante escrito dirigido a KRE-BAND SL, Poligono Industrial Cabrianes, s\/n 08650 Cabrianes (Barcelona) o trav\u00e9s de correo electr\u00f3nico a\u00a0<a href=\"mailto:kreband@kreband.com\">kreband@kreband.com<\/a>\u00a0junto con prueba v\u00e1lida en derecho, como fotocopia del DNI e indicando en el asunto \u201c<em>PROTECCI\u00d3N DE DATOS<\/em>\u201c.<\/p>\n<p>&nbsp;<\/p>\n<p><strong>\u00bfQu\u00e9 v\u00edas de reclamaci\u00f3n hay?<\/strong><\/p>\n<p>Los interesados tienen derecho a presentar una reclamaci\u00f3n ante la Autoridad de Control en materia de protecci\u00f3n de datos competente, especialmente cuando no haya obtenido satisfacci\u00f3n en el ejercicio de sus derechos, y la forma de ponerse en contacto con ella es mediante la p\u00e1gina web.\u00a0<a href=\"http:\/\/www.agpd.es\/\">http:\/\/www.agpd.es<\/a>.<\/p>\n<\/div>\n<div class=\"clear\"><\/div>\n<\/div>\n<\/div>\n<\/div>\n","protected":false},"excerpt":{"rendered":"<p>El responsable del tratamiento de sus datos Identidad. KRE-BAND SL con CIF: B-31574841 Direcci\u00f3n Postal: Poligono Industrial Cabrianes, s\/n 08650 Cabrianes (Barcelona) Telf: 938.206.102 Correo Electr\u00f3nico:\u00a0kreband@kreband.com &nbsp; Finalidad Con que finalidad tratamos sus Datos En KRE-BAND SL tratamos la informaci\u00f3n que nos facilita las personas interesadas con el Fin de Gestionar el env\u00edo de la [&hellip;]<\/p>\n","protected":false},"author":1,"featured_media":0,"parent":0,"menu_order":0,"comment_status":"closed","ping_status":"open","template":"","meta":{"site-sidebar-layout":"default","site-content-layout":"default","ast-site-content-layout":"","site-content-style":"default","site-sidebar-style":"default","ast-global-header-display":"","ast-banner-title-visibility":"","ast-main-header-display":"","ast-hfb-above-header-display":"","ast-hfb-below-header-display":"","ast-hfb-mobile-header-display":"","site-post-title":"","ast-breadcrumbs-content":"","ast-featured-img":"","footer-sml-layout":"","theme-transparent-header-meta":"default","adv-header-id-meta":"","stick-header-meta":"","header-above-stick-meta":"","header-main-stick-meta":"","header-below-stick-meta":"","astra-migrate-meta-layouts":"default","ast-page-background-enabled":"default","ast-page-background-meta":{"desktop":{"background-color":"","background-image":"","background-repeat":"repeat","background-position":"center center","background-size":"auto","background-attachment":"scroll","background-type":"","background-media":"","overlay-type":"","overlay-color":"","overlay-opacity":"","overlay-gradient":""},"tablet":{"background-color":"","background-image":"","background-repeat":"repeat","background-position":"center center","background-size":"auto","background-attachment":"scroll","background-type":"","background-media":"","overlay-type":"","overlay-color":"","overlay-opacity":"","overlay-gradient":""},"mobile":{"background-color":"","background-image":"","background-repeat":"repeat","background-position":"center center","background-size":"auto","background-attachment":"scroll","background-type":"","background-media":"","overlay-type":"","overlay-color":"","overlay-opacity":"","overlay-gradient":""}},"ast-content-background-meta":{"desktop":{"background-color":"var(--ast-global-color-5)","background-image":"","background-repeat":"repeat","background-position":"center center","background-size":"auto","background-attachment":"scroll","background-type":"","background-media":"","overlay-type":"","overlay-color":"","overlay-opacity":"","overlay-gradient":""},"tablet":{"background-color":"var(--ast-global-color-5)","background-image":"","background-repeat":"repeat","background-position":"center center","background-size":"auto","background-attachment":"scroll","background-type":"","background-media":"","overlay-type":"","overlay-color":"","overlay-opacity":"","overlay-gradient":""},"mobile":{"background-color":"var(--ast-global-color-5)","background-image":"","background-repeat":"repeat","background-position":"center center","background-size":"auto","background-attachment":"scroll","background-type":"","background-media":"","overlay-type":"","overlay-color":"","overlay-opacity":"","overlay-gradient":""}},"footnotes":""},"class_list":["post-1271","page","type-page","status-publish","hentry"],"_links":{"self":[{"href":"https:\/\/kbmark.cat\/ca\/wp-json\/wp\/v2\/pages\/1271","targetHints":{"allow":["GET"]}}],"collection":[{"href":"https:\/\/kbmark.cat\/ca\/wp-json\/wp\/v2\/pages"}],"about":[{"href":"https:\/\/kbmark.cat\/ca\/wp-json\/wp\/v2\/types\/page"}],"author":[{"embeddable":true,"href":"https:\/\/kbmark.cat\/ca\/wp-json\/wp\/v2\/users\/1"}],"replies":[{"embeddable":true,"href":"https:\/\/kbmark.cat\/ca\/wp-json\/wp\/v2\/comments?post=1271"}],"version-history":[{"count":1,"href":"https:\/\/kbmark.cat\/ca\/wp-json\/wp\/v2\/pages\/1271\/revisions"}],"predecessor-version":[{"id":1272,"href":"https:\/\/kbmark.cat\/ca\/wp-json\/wp\/v2\/pages\/1271\/revisions\/1272"}],"wp:attachment":[{"href":"https:\/\/kbmark.cat\/ca\/wp-json\/wp\/v2\/media?parent=1271"}],"curies":[{"name":"wp","href":"https:\/\/api.w.org\/{rel}","templated":true}]}}