{"id":1273,"date":"2022-11-17T08:45:19","date_gmt":"2022-11-17T08:45:19","guid":{"rendered":"https:\/\/kbmark.cat\/politica-privacidad\/"},"modified":"2022-11-17T08:45:19","modified_gmt":"2022-11-17T08:45:19","slug":"politica-privacidad","status":"publish","type":"page","link":"https:\/\/kbmark.cat\/ca\/politica-privacidad\/","title":{"rendered":"Pol\u00edtica de privacidad"},"content":{"rendered":"<div id=\"container\" class=\"wrapper\">\n<div id=\"avis_legal\">\n<p>Para dar cumplimiento con lo establecido en la Ley 34\/2002, de 11 de julio, de servicios de la sociedad de la informaci\u00f3n y de comercio electr\u00f3nico, a continuaci\u00f3n se indican los datos de la informaci\u00f3n general de este sitio Web:<\/p>\n<p>&nbsp;<\/p>\n<h4>Objeto<\/h4>\n<p>Estas condiciones generales (en adelante, las \u201cCondiciones Generales\u201d) regulan el uso de todos los servicios de este sitio Web (en adelante \u201cel Portal\u201d) que KRE-BAND SL, pone a disposici\u00f3n de los usuarios de Internet. Por la mera utilizaci\u00f3n del Portal, los usuarios expresan la aceptaci\u00f3n y sin reservas de las mismas, las cuales podr\u00e1n ser modificadas por KRE-BAND SL en cualquier momento. Los usuarios se ven asimismo sometidos a todas aquellas condiciones particulares, avisos o reglamentos de instrucciones que se pongan en su conocimiento, en relaci\u00f3n a los contenidos o servicios concretos, que contemplan con lo previsto en estas Condiciones Generales en cuanto no se opongan.<\/p>\n<p>&nbsp;<\/p>\n<h4>1. Informaci\u00f3n al usuario<\/h4>\n<p>KRE-BAND SL, es el Responsable del tratamiento de los datos personales del Usuario y le informa que estos datos ser\u00e1n tratados de conformidad con lo dispuesto en la normativa vigente en protecci\u00f3n de datos personales, el Reglamento (UE) 2016\/679 de 27 de abril de 2016 (GDPR) relativo a la protecci\u00f3n de las personas f\u00edsicas en lo que respecta al tratamiento de datos personales y a la libre circulaci\u00f3n de estos datos, por lo que se le facilita la siguiente informaci\u00f3n del tratamiento:<\/p>\n<p><strong><em>Fin del tratamiento:<\/em><\/strong>\u00a0mantener una relaci\u00f3n comercial con el Usuario. Las operaciones previstas para realizar el tratamiento son:<\/p>\n<ul>\n<li>Remisi\u00f3n de comunicaciones comerciales publicitarias por email, SMS, MMS, comunidades sociales o cualquier otro medio electr\u00f3nico o f\u00edsico, presente o futuro, que posibilite realizar comunicaciones comerciales. Estas Comunicaciones ser\u00e1n realizadas por KRE-BAND SL y relacionadas sobre sus productos y servicios, o de sus colaboradores o proveedores con los que \u00e9ste haya alcanzado alg\u00fan acuerdo de promoci\u00f3n. En este caso, los terceros nunca tendr\u00e1n acceso a los datos personales.<\/li>\n<li>Realizar estudios estad\u00edsticos.<\/li>\n<li>Tramitar encargos, solicitudes o cualquier tipo de petici\u00f3n que sea realizada por el usuario a trav\u00e9s de cualquiera de las formas de contacto que se ponen a su disposici\u00f3n.<\/li>\n<li>Remitir el bolet\u00edn de noticias de la p\u00e1gina Web.<\/li>\n<\/ul>\n<p><strong><em>Criterios de conservaci\u00f3n de los datos:<\/em><\/strong>\u00a0Se conservar\u00e1n mientras exista un inter\u00e9s mutuo para mantener el fin del tratamiento y cuando ya no sea necesario para tal fin, se suprimir\u00e1n con medidas de seguridad adecuadas para garantizar la seudonimizaci\u00f3n de los datos o la destrucci\u00f3n total de los mismos.<\/p>\n<p><strong><em>Comunicaci\u00f3n de los datos:<\/em><\/strong>\u00a0No se comunicar\u00e1n los datos a ning\u00fan destinatario, salvo obligaci\u00f3n legal.<\/p>\n<p><strong><em>Derechos que asisten al Usuario:<\/em><\/strong><\/p>\n<ul>\n<li>Derecho a retirar el consentimiento en cualquier momento.<\/li>\n<li>Derecho de acceso, rectificaci\u00f3n y supresi\u00f3n de sus datos y a la limitaci\u00f3n u oposici\u00f3n al su tratamiento.<\/li>\n<li>Derecho a presentar una reclamaci\u00f3n ante la autoridad de control (agpd.es) si considera que el tratamiento no se ajusta a la normativa vigente.<\/li>\n<\/ul>\n<p><strong><em>Datos de contacto para ejercer sus derechos:<\/em><\/strong><\/p>\n<ul>\n<li>Direcci\u00f3n postal: KRE-BAND SL. Poligono Industrial Cabrianes, s\/n 08650 Cabrianes (Barcelona)<\/li>\n<li>Direcci\u00f3n electr\u00f3nica:\u00a0<a href=\"mailto:kreband@kreband.com\">kreband@kreband.com<\/a><\/li>\n<\/ul>\n<p>&nbsp;<\/p>\n<h4>2. Car\u00e1cter obligatorio o facultativo de la informaci\u00f3n facilitada por el usuario<\/h4>\n<p>Los Usuarios, mediante la entrada de datos en los campos en el formulario de contacto o presentados en formularios de descarga, aceptan expresamente y de forma libre e inequ\u00edvoca, que sus datos son necesarias para atender su petici\u00f3n, por parte del prestador, siendo voluntaria la inclusi\u00f3n de datos en los campos restantes. El Usuario garantiza que los datos personales facilitados a KRE-BAND SL son veraces y se hace responsable de comunicar cualquier modificaci\u00f3n de los mismos.<\/p>\n<p>KRE-BAND SL informa y garantiza expresamente a los usuarios que sus datos personales no ser\u00e1n cedidos en ning\u00fan caso a terceros, y que siempre que realizara alg\u00fan tipo de cesi\u00f3n de datos personales, se pedir\u00e1 previamente el consentimiento expreso, informado e inequ\u00edvoco por parte los Usuarios. Todos los datos solicitados a trav\u00e9s del sitio Web son obligatorios, ya que son necesarios para la prestaci\u00f3n de un servicio \u00f3ptimo al Usuario. En caso de que no sean facilitados todos los datos, no se garantiza que la informaci\u00f3n y servicios facilitados sean completamente ajustados a sus necesidades.<\/p>\n<p>&nbsp;<\/p>\n<h4>3. Medidas de seguridad<\/h4>\n<p>Que de conformidad con lo dispuesto en las normativa vigente en protecci\u00f3n de datos personales, KRE-BAND SL est\u00e1 cumpliendo con todas las disposiciones de la normativas del RGPD, para el tratamiento de los datos personales de su responsabilidad, y manifiestamente con los principios descritos en el art\u00edculo 5 del RGPD, por los cuales son tratados de manera l\u00edcita, leal y transparente en relaci\u00f3n con el interesado y adecuados, pertinentes y limitados a lo necesario en relaci\u00f3n con los fines para los que son tratados.<\/p>\n<p>KRE-BAND SL garantiza que ha implementado pol\u00edticas t\u00e9cnicas y organizativas apropiadas para aplicar las medidas de seguridad que establece el RGPD, para proteger los derechos y libertades de los Usuarios y les ha comunicado la informaci\u00f3n adecuada para que puedan ejercerlos.<\/p>\n<p>&nbsp;<\/p>\n<h4>4. Utilizaci\u00f3n del portal y de los servicios para los usuarios<\/h4>\n<p>Excepto en el caso que hayan obtenido previa y expresa autorizaci\u00f3n espec\u00edficamente otorgada a tal efecto por parte de KRE-BAND SL, los usuarios se abstendr\u00e1n de obtener o intentar obtener cualquier tipo de contenido, ya sean textos, gr\u00e1ficos, dibujos, archivos de sonido, im\u00e1genes o fotograf\u00edas, v\u00eddeos, software y en general cualquier clase de material accesible a trav\u00e9s del Portal o de los servicios utilizados por ellos, por medios distintos de los que se hayan puesto a su disposici\u00f3n a este efecto o de los que se empleen habitualmente a este efecto en Internet.<\/p>\n<p>La reproducci\u00f3n, modificaci\u00f3n, copia, uso, distribuci\u00f3n, comercializaci\u00f3n, comunicaci\u00f3n p\u00fablica o cualquier otra utilizaci\u00f3n de la informaci\u00f3n contenida en el sitio Web de KRE-BAND SL (incluidos su propio dise\u00f1o, configuraci\u00f3n y forma de exposici\u00f3n del sitio Web) que se realicen sin autorizaci\u00f3n de KRE-BAND SL constituye una infracci\u00f3n de la legislaci\u00f3n vigente en materia de propiedad intelectual.<\/p>\n<p>Para facilitar su acceso, puede que KRE-BAND SL incluya v\u00ednculos a p\u00e1ginas de Internet pertenecientes o gestionados por terceros. Al entrar en esos sitios, revisar\u00e1 y aceptar\u00e1 usted las normas de uso de esta p\u00e1gina antes de usar. Tambi\u00e9n aceptar\u00e1 que KRE-BAND SL no tiene control alguno sobre el contenido de estas p\u00e1ginas y que no puede asumir ninguna responsabilidad por ning\u00fan material creado o publicado por los mismos. Adem\u00e1s, el v\u00ednculo a un sitio ajeno a KRE-BAND SL no implica que apruebe este sitio ni los productos o servicios a los que hace referencia.<\/p>\n<p>&nbsp;<\/p>\n<h4>5. Politica de cookies<\/h4>\n<p>A trav\u00e9s de este sitio web no se recaban datos de car\u00e1cter personal de los usuarios sin su conocimiento, ni se ceden a terceros.<\/p>\n<p>Con la finalidad de ofrecerle el mejor servicio y con el objeto de facilitar el uso, se analizan el n\u00famero de p\u00e1ginas visitadas, el n\u00famero de visitas, as\u00ed como la actividad de los visitantes y su frecuencia de utilizaci\u00f3n. A estos efectos, KRE-BAND SL utiliza la informaci\u00f3n estad\u00edstica elaborada por el Proveedor de Servicios de Internet.<\/p>\n<p>KRE-BAND SL utiliza cookies para recoger informaci\u00f3n de los usuarios. \u00danicamente se utilizan cookies propias, de sesi\u00f3n, con finalidad t\u00e9cnica (aquellas que permiten al usuario la navegaci\u00f3n a trav\u00e9s del sitio web y la utilizaci\u00f3n de las diferentes opciones y servicios que en ella existen).<\/p>\n<p>&nbsp;<\/p>\n<h4>6. Exclusi\u00f3n de responsabilidad de los contenidos<\/h4>\n<p>La empresa no es en ning\u00fan caso responsable, ni de forma directa ni subsidiaria, de ning\u00fan contenido, informaci\u00f3n, comunicaci\u00f3n, opini\u00f3n o manifestaci\u00f3n de cualquier tipo que tenga su origen en el usuario o cualquier persona o entidad y que se comunique, difunda, transmita o exhiba a trav\u00e9s de este portal.<\/p>\n<p>&nbsp;<\/p>\n<h4>7. Propiedad intelectual e industrial<\/h4>\n<p>Todos los contenidos as\u00ed como nombres, logos, marcas y bases de datos accesibles en las p\u00e1ginas Web del Portal est\u00e1n sujetos a derechos de propiedad industrial e intelectual de KRE-BAND SL o de terceros titulares de los mismos. En ning\u00fan caso el acceso a las p\u00e1ginas Web del Portal implica ning\u00fan tipo de renuncia, transmisi\u00f3n o cesi\u00f3n total o parcial de los mencionados derechos, ni confiere ning\u00fan derecho de utilizaci\u00f3n, alteraci\u00f3n, explotaci\u00f3n, reproducci\u00f3n, distribuci\u00f3n o comunicaci\u00f3n p\u00fablica sobre los contenidos o bienes de propiedad industrial sin la previa y expresa autorizaci\u00f3n espec\u00edficamente otorgada a tal efecto por parte de la empresa o del tercero titular de los derechos, excepto los derechos de visualizar y de realizar copias para uso personal y exclusivo del usuario, los cuales deber\u00e1n ejercer siempre conforme a los principios de la buena fe y la legislaci\u00f3n aplicable.<\/p>\n<p>KRE-BAND SL y otras denominaciones de productos, servicios, gr\u00e1ficos y logotipos son marcas protegidas por KRE-BAND SL. Las denominaciones de otros productos, servicios y compa\u00f1\u00edas mencionadas en este documento pueden ser marcas registradas de sus respectivos propietarios.<\/p>\n<p>&nbsp;<\/p>\n<h4>8. Ley aplicable<\/h4>\n<p>La ley aplicable en caso de disputa o conflicto de interpretaci\u00f3n de los t\u00e9rminos que conforman este aviso legal, as\u00ed como cualquier cuesti\u00f3n relacionada con los servicios del presente portal, ser\u00e1 la ley espa\u00f1ola.<\/p>\n<\/div>\n<div class=\"clear\">\u00a0<\/div>\n<\/div>\n","protected":false},"excerpt":{"rendered":"<p>Para dar cumplimiento con lo establecido en la Ley 34\/2002, de 11 de julio, de servicios de la sociedad de la informaci\u00f3n y de comercio electr\u00f3nico, a continuaci\u00f3n se indican los datos de la informaci\u00f3n general de este sitio Web: &nbsp; Objeto Estas condiciones generales (en adelante, las \u201cCondiciones Generales\u201d) regulan el uso de todos [&hellip;]<\/p>\n","protected":false},"author":1,"featured_media":0,"parent":0,"menu_order":0,"comment_status":"closed","ping_status":"open","template":"","meta":{"site-sidebar-layout":"default","site-content-layout":"default","ast-site-content-layout":"","site-content-style":"default","site-sidebar-style":"default","ast-global-header-display":"","ast-banner-title-visibility":"","ast-main-header-display":"","ast-hfb-above-header-display":"","ast-hfb-below-header-display":"","ast-hfb-mobile-header-display":"","site-post-title":"","ast-breadcrumbs-content":"","ast-featured-img":"","footer-sml-layout":"","theme-transparent-header-meta":"default","adv-header-id-meta":"","stick-header-meta":"","header-above-stick-meta":"","header-main-stick-meta":"","header-below-stick-meta":"","astra-migrate-meta-layouts":"default","ast-page-background-enabled":"default","ast-page-background-meta":{"desktop":{"background-color":"","background-image":"","background-repeat":"repeat","background-position":"center center","background-size":"auto","background-attachment":"scroll","background-type":"","background-media":"","overlay-type":"","overlay-color":"","overlay-opacity":"","overlay-gradient":""},"tablet":{"background-color":"","background-image":"","background-repeat":"repeat","background-position":"center center","background-size":"auto","background-attachment":"scroll","background-type":"","background-media":"","overlay-type":"","overlay-color":"","overlay-opacity":"","overlay-gradient":""},"mobile":{"background-color":"","background-image":"","background-repeat":"repeat","background-position":"center center","background-size":"auto","background-attachment":"scroll","background-type":"","background-media":"","overlay-type":"","overlay-color":"","overlay-opacity":"","overlay-gradient":""}},"ast-content-background-meta":{"desktop":{"background-color":"var(--ast-global-color-5)","background-image":"","background-repeat":"repeat","background-position":"center center","background-size":"auto","background-attachment":"scroll","background-type":"","background-media":"","overlay-type":"","overlay-color":"","overlay-opacity":"","overlay-gradient":""},"tablet":{"background-color":"var(--ast-global-color-5)","background-image":"","background-repeat":"repeat","background-position":"center center","background-size":"auto","background-attachment":"scroll","background-type":"","background-media":"","overlay-type":"","overlay-color":"","overlay-opacity":"","overlay-gradient":""},"mobile":{"background-color":"var(--ast-global-color-5)","background-image":"","background-repeat":"repeat","background-position":"center center","background-size":"auto","background-attachment":"scroll","background-type":"","background-media":"","overlay-type":"","overlay-color":"","overlay-opacity":"","overlay-gradient":""}},"footnotes":""},"class_list":["post-1273","page","type-page","status-publish","hentry"],"_links":{"self":[{"href":"https:\/\/kbmark.cat\/ca\/wp-json\/wp\/v2\/pages\/1273","targetHints":{"allow":["GET"]}}],"collection":[{"href":"https:\/\/kbmark.cat\/ca\/wp-json\/wp\/v2\/pages"}],"about":[{"href":"https:\/\/kbmark.cat\/ca\/wp-json\/wp\/v2\/types\/page"}],"author":[{"embeddable":true,"href":"https:\/\/kbmark.cat\/ca\/wp-json\/wp\/v2\/users\/1"}],"replies":[{"embeddable":true,"href":"https:\/\/kbmark.cat\/ca\/wp-json\/wp\/v2\/comments?post=1273"}],"version-history":[{"count":0,"href":"https:\/\/kbmark.cat\/ca\/wp-json\/wp\/v2\/pages\/1273\/revisions"}],"wp:attachment":[{"href":"https:\/\/kbmark.cat\/ca\/wp-json\/wp\/v2\/media?parent=1273"}],"curies":[{"name":"wp","href":"https:\/\/api.w.org\/{rel}","templated":true}]}}