{"id":1595,"date":"2023-06-08T15:49:36","date_gmt":"2023-06-08T15:49:36","guid":{"rendered":"https:\/\/kbmark.cat\/politica-de-cookies\/"},"modified":"2023-06-08T15:49:36","modified_gmt":"2023-06-08T15:49:36","slug":"politica-de-cookies","status":"publish","type":"page","link":"https:\/\/kbmark.cat\/ca\/politica-de-cookies\/","title":{"rendered":"Pol\u00edtica de cookies"},"content":{"rendered":"\n<!-- Legal document generated by Complianz | GDPR\/CCPA Cookie Consent https:\/\/wordpress.org\/plugins\/complianz-gdpr -->\n<div id=\"cmplz-document\" class=\"cmplz-document cookie-statement cmplz-document-eu\"><p><i>Aquesta pol\u00edtica de galetes es va actualitzar per \u00faltima vegada el 8 de juny de 2023 i s\u2019aplica a ciutadans i residents legals permanents de l'Espai Econ\u00f2mic Europeu i Su\u00efssa.<\/i><br><\/p><h2>1. Introducci\u00f3<\/h2><p>El nostre lloc web, <a href=\"https:\/\/kbmark.cat\/ca\/\">https:\/\/kbmark.cat\/ca\/<\/a> (d'ara endavant  \"el lloc web\") utilitza galetes i altres tecnologies relacionades (per comoditat, totes les tecnologies es denominen  \"galetes\"). Les galetes tamb\u00e9 s\u00f3n col\u00b7locades per tercers que hem contractat. En el document seg\u00fcent us informem sobre l'\u00fas de les galetes al nostre lloc web.<\/p><h2>2. Qu\u00e8 s\u00f3n les cookies?<\/h2><p>Una galeta \u00e9s un fitxer petit i senzill que s'envia juntament amb p\u00e0gines d'aquest lloc web i que el vostre navegador emmagatzema al disc dur de l'ordinador o un altre dispositiu. La informaci\u00f3 emmagatzemada en ell es pot tornar als nostres servidors o als servidors dels tercers corresponents durant una visita posterior.<\/p><h2>3. Qu\u00e8 s\u00f3n els scripts?<\/h2><p>Un script \u00e9s una pe\u00e7a de codi de programari que s'utilitza per a que el nostre web funcioni correctament i interactivament. Aquest codi s'executa al nostre servidor o al vostre dispositiu.<\/p><h2>4. Qu\u00e8 \u00e9s un web beacon?<\/h2><p>Una balisa web (o una etiqueta de p\u00edxel) \u00e9s una petita i invisible pe\u00e7a de text o imatge en un lloc web que s'utilitza per controlar el tr\u00e0nsit d'un lloc web. Per fer-ho, s'emmagatzemen diverses dades utilitzant balises web.<\/p><h2>5. Galetes<\/h2><p class=\"cmplz-subtitle\">5.1 Galetes t\u00e8cniques o funcionals<\/p><p>Algunes galetes asseguren que certes parts del lloc web funcionen correctament i que les prefer\u00e8ncies dels usuaris segueixin sent conegudes. Utilitzant galetes funcionals, us facilitem que visiteu el nostre lloc web. D'aquesta manera, no cal que introdu\u00efu repetidament la mateixa informaci\u00f3 quan visiteu el nostre lloc web i, per exemple, els elements romanen al carret\u00f3 de la compra fins que h\u00e0giu pagat. Podem posar aquestes galetes sense el vostre consentiment.<\/p><p class=\"cmplz-subtitle\">5.2 Cookies anal\u00edtiques<\/p><p>Utilitzem cookies anal\u00edtiques per optimitzar l'experi\u00e8ncia del lloc web per als nostres usuaris. Amb aquestes cookies anal\u00edtiques obtenim informaci\u00f3 sobre l'\u00fas del nostre lloc web.&nbsp;Demanem el vostre perm\u00eds per col\u00b7locar cookies anal\u00edtiques.<\/p><p class=\"cmplz-subtitle\">5.3 Cookies de m\u00e0rqueting\/rastreig<\/p><p>Les cookies de m\u00e0rqueting o de rastreig s\u00f3n cookies o qualsevol altra forma d'emmagatzematge local, utilitzat per crear perfils d'usuari per mostrar anuncis o per rastrejar l'usuari en aquest lloc web o a trav\u00e9s d'altres llocs web per a prop\u00f2sits de m\u00e0rqueting similars.<\/p><h2>6. Galetes col\u00b7locades<\/h2><div id=\"cmplz-cookies-overview\"><details class=\"cmplz-dropdown cmplz-service-desc cmplz-dropdown-cookiepolicy \">\n\t<summary class=\"cmplz-service-header\"><div>\n\t\t<h3>Elementor<\/h3>\n\t\t<p>Estad\u00edstiques (an\u00f2nim)<\/p>\n\t\t<label for=\"cmplz_service_elementor\" class=\"cmplz_consent_per_service_label\"><span class=\"screen-reader-text\">Consent to service elementor<\/span><\/label>\n\t\t<input type=\"checkbox\" id=\"cmplz_service_elementor\" class=\"cmplz-accept-service cmplz-hidden\" data-service=\"elementor\" data-category=\"functional\"><\/div>\n\t<\/summary>\n\t<div class=\"cmplz-service-description\">\n\t\t<h4>\u00das<\/h4>\n\t\t<p>Utilitzem Elementor per a creaci\u00f3 de contingut. <a target=\"_blank\" rel=\"noopener noreferrer nofollow\" href=\"https:\/\/cookiedatabase.org\/service\/elementor\/\">Saber m\u00e9s<\/a><\/p>\n\t<\/div>\n\t<div class=\"cmplz-sharing-data\">\n\t\t<h4>Compartici\u00f3 de dades<\/h4>\n\t\t<p>Aquestes dades no s\u00f3n compartides amb tercers.<\/p>\n\t<\/div>\n\t<div class=\"cookies-per-purpose\">\n    <div class=\"purpose\"><h4>Estad\u00edstiques (an\u00f2nim)<\/h4><\/div>\n    <div class=\"name-header\">\n\t<h5>Nom<\/h5>\n<\/div>\n<div class=\"name\"><a target=\"_blank\" rel=\"noopener noreferrer nofollow\" href=\"https:\/\/cookiedatabase.org\/cookie\/elementor\/elementor\/\">elementor<\/a><\/div>\n<div class=\"retention-header\">\n\t<h5>Expiration<\/h5>\n<\/div>\n<div class=\"retention\">persistent<\/div>\n<div class=\"function-header\">\n\t<h5>Funci\u00f3<\/h5>\n<\/div>\n<div class=\"function\">Emmagatzema les accions fetes pels usuaris en el lloc web<\/div>\n\n<\/div>\n<\/details>\n<details class=\"cmplz-dropdown cmplz-service-desc cmplz-dropdown-cookiepolicy \">\n\t<summary class=\"cmplz-service-header\"><div>\n\t\t<h3>WooCommerce<\/h3>\n\t\t<p>Estad\u00edstiques<\/p>\n\t\t<label for=\"cmplz_service_woocommerce\" class=\"cmplz_consent_per_service_label\"><span class=\"screen-reader-text\">Consent to service woocommerce<\/span><\/label>\n\t\t<input type=\"checkbox\" id=\"cmplz_service_woocommerce\" class=\"cmplz-accept-service cmplz-hidden\" data-service=\"woocommerce\" data-category=\"functional\"><\/div>\n\t<\/summary>\n\t<div class=\"cmplz-service-description\">\n\t\t<h4>\u00das<\/h4>\n\t\t<p>Utilitzem WooCommerce per a gesti\u00f3 del webshop. <a target=\"_blank\" rel=\"noopener noreferrer nofollow\" href=\"https:\/\/cookiedatabase.org\/service\/woocommerce\/\">Saber m\u00e9s<\/a><\/p>\n\t<\/div>\n\t<div class=\"cmplz-sharing-data\">\n\t\t<h4>Compartici\u00f3 de dades<\/h4>\n\t\t<p>Aquestes dades no s\u00f3n compartides amb tercers.<\/p>\n\t<\/div>\n\t<div class=\"cookies-per-purpose\">\n    <div class=\"purpose\"><h4>Estad\u00edstiques<\/h4><\/div>\n    <div class=\"name-header\">\n\t<h5>Nom<\/h5>\n<\/div>\n<div class=\"name\"><a target=\"_blank\" rel=\"noopener noreferrer nofollow\" href=\"https:\/\/cookiedatabase.org\/cookie\/woocommerce\/history-store\/\">History.store<\/a><\/div>\n<div class=\"retention-header\">\n\t<h5>Expiration<\/h5>\n<\/div>\n<div class=\"retention\"><\/div>\n<div class=\"function-header\">\n\t<h5>Funci\u00f3<\/h5>\n<\/div>\n<div class=\"function\">Emmagatzema darrera visita<\/div>\n\n<\/div>\n<\/details>\n<details class=\"cmplz-dropdown cmplz-service-desc cmplz-dropdown-cookiepolicy \">\n\t<summary class=\"cmplz-service-header\"><div>\n\t\t<h3>WPML<\/h3>\n\t\t<p>Funcional<\/p>\n\t\t<label for=\"cmplz_service_wpml\" class=\"cmplz_consent_per_service_label\"><span class=\"screen-reader-text\">Consent to service wpml<\/span><\/label>\n\t\t<input type=\"checkbox\" id=\"cmplz_service_wpml\" class=\"cmplz-accept-service cmplz-hidden\" data-service=\"wpml\" data-category=\"functional\"><\/div>\n\t<\/summary>\n\t<div class=\"cmplz-service-description\">\n\t\t<h4>\u00das<\/h4>\n\t\t<p>Utilitzem WPML per a gesti\u00f3 local. <a target=\"_blank\" rel=\"noopener noreferrer nofollow\" href=\"https:\/\/cookiedatabase.org\/service\/wpml\/\">Saber m\u00e9s<\/a><\/p>\n\t<\/div>\n\t<div class=\"cmplz-sharing-data\">\n\t\t<h4>Compartici\u00f3 de dades<\/h4>\n\t\t<p>Aquestes dades no s\u00f3n compartides amb tercers.<\/p>\n\t<\/div>\n\t<div class=\"cookies-per-purpose\">\n    <div class=\"purpose\"><h4>Funcional<\/h4><\/div>\n    <div class=\"name-header\">\n\t<h5>Nom<\/h5>\n<\/div>\n<div class=\"name\"><a target=\"_blank\" rel=\"noopener noreferrer nofollow\" href=\"https:\/\/cookiedatabase.org\/cookie\/wpml\/wp-wpml_current_language\/\">wp-wpml_current_language<\/a><\/div>\n<div class=\"retention-header\">\n\t<h5>Expiration<\/h5>\n<\/div>\n<div class=\"retention\">1 dia<\/div>\n<div class=\"function-header\">\n\t<h5>Funci\u00f3<\/h5>\n<\/div>\n<div class=\"function\">Emmagatzema la configuraci\u00f3 de l&#039;idiomes<\/div>\n\n<\/div>\n<\/details>\n<details class=\"cmplz-dropdown cmplz-service-desc cmplz-dropdown-cookiepolicy \">\n\t<summary class=\"cmplz-service-header\"><div>\n\t\t<h3>Google reCAPTCHA<\/h3>\n\t\t<p>M\u00e0rqueting\/Seguiment<\/p>\n\t\t<label for=\"cmplz_service_google-recaptcha\" class=\"cmplz_consent_per_service_label\"><span class=\"screen-reader-text\">Consent to service google-recaptcha<\/span><\/label>\n\t\t<input type=\"checkbox\" id=\"cmplz_service_google-recaptcha\" class=\"cmplz-accept-service cmplz-hidden\" data-service=\"google-recaptcha\" data-category=\"functional\"><\/div>\n\t<\/summary>\n\t<div class=\"cmplz-service-description\">\n\t\t<h4>\u00das<\/h4>\n\t\t<p>Utilitzem Google reCAPTCHA per a prevenci\u00f3 de spam. <a target=\"_blank\" rel=\"noopener noreferrer nofollow\" href=\"https:\/\/cookiedatabase.org\/service\/google-recaptcha\/\">Saber m\u00e9s<\/a><\/p>\n\t<\/div>\n\t<div class=\"cmplz-sharing-data\">\n\t\t<h4>Compartici\u00f3 de dades<\/h4>\n\t\t<p>Per a m\u00e9s informaci\u00f3, llegiu si us plau la <a target=\"_blank\" rel=\"noopener noreferrer nofollow\" href=\"https:\/\/policies.google.com\/privacy\">pol\u00edtica de privacitat de Google reCAPTCHA<\/a>.<\/p>\n\t<\/div>\n\t<div class=\"cookies-per-purpose\">\n    <div class=\"purpose\"><h4>M\u00e0rqueting\/Seguiment<\/h4><\/div>\n    <div class=\"name-header\">\n\t<h5>Nom<\/h5>\n<\/div>\n<div class=\"name\"><a target=\"_blank\" rel=\"noopener noreferrer nofollow\" href=\"https:\/\/cookiedatabase.org\/cookie\/google-recaptcha\/rcc\/\">rc::c<\/a><\/div>\n<div class=\"retention-header\">\n\t<h5>Expiration<\/h5>\n<\/div>\n<div class=\"retention\">sessi\u00f3<\/div>\n<div class=\"function-header\">\n\t<h5>Funci\u00f3<\/h5>\n<\/div>\n<div class=\"function\">Filtrar les sol\u00b7licituds dels robots<\/div>\n<div class=\"name-header\">\n\t<h5>Nom<\/h5>\n<\/div>\n<div class=\"name\"><a target=\"_blank\" rel=\"noopener noreferrer nofollow\" href=\"https:\/\/cookiedatabase.org\/cookie\/google-recaptcha\/rcb\/\">rc::b<\/a><\/div>\n<div class=\"retention-header\">\n\t<h5>Expiration<\/h5>\n<\/div>\n<div class=\"retention\">sessi\u00f3<\/div>\n<div class=\"function-header\">\n\t<h5>Funci\u00f3<\/h5>\n<\/div>\n<div class=\"function\">Filtrar les sol\u00b7licituds dels robots<\/div>\n<div class=\"name-header\">\n\t<h5>Nom<\/h5>\n<\/div>\n<div class=\"name\"><a target=\"_blank\" rel=\"noopener noreferrer nofollow\" href=\"https:\/\/cookiedatabase.org\/cookie\/google-recaptcha\/rca\/\">rc::a<\/a><\/div>\n<div class=\"retention-header\">\n\t<h5>Expiration<\/h5>\n<\/div>\n<div class=\"retention\">persistent<\/div>\n<div class=\"function-header\">\n\t<h5>Funci\u00f3<\/h5>\n<\/div>\n<div class=\"function\">Filtrar les sol\u00b7licituds dels robots<\/div>\n\n<\/div>\n<\/details>\n<details class=\"cmplz-dropdown cmplz-service-desc cmplz-dropdown-cookiepolicy \">\n\t<summary class=\"cmplz-service-header\"><div>\n\t\t<h3>Miscel\u00b7l\u00e0nia<\/h3>\n\t\t<p>Prop\u00f2sit pendent d'investigaci\u00f3<\/p>\n\t\t<label for=\"cmplz_service_miscel\u00b7l\u00e0nia\" class=\"cmplz_consent_per_service_label\"><span class=\"screen-reader-text\">Consent to service miscel\u00b7l\u00e0nia<\/span><\/label>\n\t\t<input type=\"checkbox\" id=\"cmplz_service_miscel\u00b7l\u00e0nia\" class=\"cmplz-accept-service cmplz-hidden\" data-service=\"miscel\u00b7l\u00e0nia\" data-category=\"functional\"><\/div>\n\t<\/summary>\n\t<div class=\"cmplz-service-description\">\n\t\t<h4>\u00das<\/h4>\n\t\t<p><\/p>\n\t<\/div>\n\t<div class=\"cmplz-sharing-data\">\n\t\t<h4>Compartici\u00f3 de dades<\/h4>\n\t\t<p>La compartici\u00f3 de dades est\u00e0 pendent d'investigaci\u00f3.<\/p>\n\t<\/div>\n\t<div class=\"cookies-per-purpose\">\n    <div class=\"purpose\"><h4>Prop\u00f2sit pendent d'investigaci\u00f3<\/h4><\/div>\n    <div class=\"name-header\">\n\t<h5>Nom<\/h5>\n<\/div>\n<div class=\"name\">gt-current-screen<\/div>\n<div class=\"retention-header\">\n\t<h5>Expiration<\/h5>\n<\/div>\n<div class=\"retention\"><\/div>\n<div class=\"function-header\">\n\t<h5>Funci\u00f3<\/h5>\n<\/div>\n<div class=\"function\"><\/div>\n<div class=\"name-header\">\n\t<h5>Nom<\/h5>\n<\/div>\n<div class=\"name\">continueReview<\/div>\n<div class=\"retention-header\">\n\t<h5>Expiration<\/h5>\n<\/div>\n<div class=\"retention\"><\/div>\n<div class=\"function-header\">\n\t<h5>Funci\u00f3<\/h5>\n<\/div>\n<div class=\"function\"><\/div>\n<div class=\"name-header\">\n\t<h5>Nom<\/h5>\n<\/div>\n<div class=\"name\"><a target=\"_blank\" rel=\"noopener noreferrer nofollow\" href=\"https:\/\/cookiedatabase.org\/cookie\/unknown-service\/wp_preferences_user_\/\">WP_PREFERENCES_USER_*<\/a><\/div>\n<div class=\"retention-header\">\n\t<h5>Expiration<\/h5>\n<\/div>\n<div class=\"retention\"><\/div>\n<div class=\"function-header\">\n\t<h5>Funci\u00f3<\/h5>\n<\/div>\n<div class=\"function\"><\/div>\n<div class=\"name-header\">\n\t<h5>Nom<\/h5>\n<\/div>\n<div class=\"name\">e_kit-elements-defaults<\/div>\n<div class=\"retention-header\">\n\t<h5>Expiration<\/h5>\n<\/div>\n<div class=\"retention\"><\/div>\n<div class=\"function-header\">\n\t<h5>Funci\u00f3<\/h5>\n<\/div>\n<div class=\"function\"><\/div>\n<div class=\"name-header\">\n\t<h5>Nom<\/h5>\n<\/div>\n<div class=\"name\">cmplz_consented_services<\/div>\n<div class=\"retention-header\">\n\t<h5>Expiration<\/h5>\n<\/div>\n<div class=\"retention\">365 dies<\/div>\n<div class=\"function-header\">\n\t<h5>Funci\u00f3<\/h5>\n<\/div>\n<div class=\"function\"><\/div>\n<div class=\"name-header\">\n\t<h5>Nom<\/h5>\n<\/div>\n<div class=\"name\">cmplz_policy_id<\/div>\n<div class=\"retention-header\">\n\t<h5>Expiration<\/h5>\n<\/div>\n<div class=\"retention\">365 dies<\/div>\n<div class=\"function-header\">\n\t<h5>Funci\u00f3<\/h5>\n<\/div>\n<div class=\"function\"><\/div>\n<div class=\"name-header\">\n\t<h5>Nom<\/h5>\n<\/div>\n<div class=\"name\">cmplz_marketing<\/div>\n<div class=\"retention-header\">\n\t<h5>Expiration<\/h5>\n<\/div>\n<div class=\"retention\">365 dies<\/div>\n<div class=\"function-header\">\n\t<h5>Funci\u00f3<\/h5>\n<\/div>\n<div class=\"function\"><\/div>\n<div class=\"name-header\">\n\t<h5>Nom<\/h5>\n<\/div>\n<div class=\"name\">cmplz_statistics<\/div>\n<div class=\"retention-header\">\n\t<h5>Expiration<\/h5>\n<\/div>\n<div class=\"retention\">365 dies<\/div>\n<div class=\"function-header\">\n\t<h5>Funci\u00f3<\/h5>\n<\/div>\n<div class=\"function\"><\/div>\n<div class=\"name-header\">\n\t<h5>Nom<\/h5>\n<\/div>\n<div class=\"name\">cmplz_preferences<\/div>\n<div class=\"retention-header\">\n\t<h5>Expiration<\/h5>\n<\/div>\n<div class=\"retention\">365 dies<\/div>\n<div class=\"function-header\">\n\t<h5>Funci\u00f3<\/h5>\n<\/div>\n<div class=\"function\"><\/div>\n<div class=\"name-header\">\n\t<h5>Nom<\/h5>\n<\/div>\n<div class=\"name\">cmplz_functional<\/div>\n<div class=\"retention-header\">\n\t<h5>Expiration<\/h5>\n<\/div>\n<div class=\"retention\">365 dies<\/div>\n<div class=\"function-header\">\n\t<h5>Funci\u00f3<\/h5>\n<\/div>\n<div class=\"function\"><\/div>\n<div class=\"name-header\">\n\t<h5>Nom<\/h5>\n<\/div>\n<div class=\"name\">cmplz_banner-status<\/div>\n<div class=\"retention-header\">\n\t<h5>Expiration<\/h5>\n<\/div>\n<div class=\"retention\">365 dies<\/div>\n<div class=\"function-header\">\n\t<h5>Funci\u00f3<\/h5>\n<\/div>\n<div class=\"function\"><\/div>\n<div class=\"name-header\">\n\t<h5>Nom<\/h5>\n<\/div>\n<div class=\"name\">bid_1_password_protected_auth<\/div>\n<div class=\"retention-header\">\n\t<h5>Expiration<\/h5>\n<\/div>\n<div class=\"retention\"><\/div>\n<div class=\"function-header\">\n\t<h5>Funci\u00f3<\/h5>\n<\/div>\n<div class=\"function\"><\/div>\n<div class=\"name-header\">\n\t<h5>Nom<\/h5>\n<\/div>\n<div class=\"name\">cmplz_consenttype<\/div>\n<div class=\"retention-header\">\n\t<h5>Expiration<\/h5>\n<\/div>\n<div class=\"retention\">365 dies<\/div>\n<div class=\"function-header\">\n\t<h5>Funci\u00f3<\/h5>\n<\/div>\n<div class=\"function\"><\/div>\n<div class=\"name-header\">\n\t<h5>Nom<\/h5>\n<\/div>\n<div class=\"name\">WP_DATA_USER_1<\/div>\n<div class=\"retention-header\">\n\t<h5>Expiration<\/h5>\n<\/div>\n<div class=\"retention\"><\/div>\n<div class=\"function-header\">\n\t<h5>Funci\u00f3<\/h5>\n<\/div>\n<div class=\"function\"><\/div>\n<div class=\"name-header\">\n\t<h5>Nom<\/h5>\n<\/div>\n<div class=\"name\">wpEmojiSettingsSupports<\/div>\n<div class=\"retention-header\">\n\t<h5>Expiration<\/h5>\n<\/div>\n<div class=\"retention\"><\/div>\n<div class=\"function-header\">\n\t<h5>Funci\u00f3<\/h5>\n<\/div>\n<div class=\"function\"><\/div>\n<div class=\"name-header\">\n\t<h5>Nom<\/h5>\n<\/div>\n<div class=\"name\">wp_lang<\/div>\n<div class=\"retention-header\">\n\t<h5>Expiration<\/h5>\n<\/div>\n<div class=\"retention\"><\/div>\n<div class=\"function-header\">\n\t<h5>Funci\u00f3<\/h5>\n<\/div>\n<div class=\"function\"><\/div>\n\n<\/div>\n<\/details>\n<\/div><h2>7. Consentiment<\/h2><p>Quan visiteu el nostre lloc web per primera vegada, us mostrarem un missatge emergent amb una explicaci\u00f3 sobre les cookies. Tan bon punt com feu clic a \"Guardar preferencias\", ens consentiu a utilitzar les categories de cookies i extensions que heu seleccionat al missatge emergent, tal i com es descriu en aquesta Pol\u00edtica de cookies. Podeu desactivar l\u2019\u00fas de cookies a trav\u00e9s del vostre navegador, per\u00f2 tingueu en compte que pot ser que el nostre lloc web ja no funcioni correctament.<\/p><p class=\"cmplz-subtitle\">7.1 Gestioneu les vostres prefer\u00e8ncies de consentiment<\/p><div id=\"cmplz-manage-consent-container-nojavascript\">You have loaded the Cookie Policy without javascript support.&nbsp;On AMP, you can use the manage consent button on the bottom of the page.<\/div><div id=\"cmplz-manage-consent-container\" class=\"cmplz-manage-consent-container\"><\/div><h2>8. Activaci\u00f3 \/ desactivaci\u00f3 i eliminaci\u00f3 de galetes<\/h2><p>Podeu utilitzar el navegador per a esborrar les cookies autom\u00e0ticament o manualment. A m\u00e9s, podeu especificar que determinades cookies no siguin col\u00b7locades. Una altra opci\u00f3 \u00e9s canviar les prefer\u00e8ncies del vostre navegador per a rebre un missatge cada cop que una cookie \u00e9s col\u00b7locada. Per a m\u00e9s informaci\u00f3, podeu consultar les instruccions a l'Ajuda del vostre navegador.<\/p><p>Tingueu en compte que el nostre lloc web pot no funcionar correctament si totes les galetes estan desactivades. Si suprimiu les galetes del navegador, se'n crearan de noves despr\u00e9s del vostre consentiment quan torneu a visitar els nostres llocs web.<\/p><h2>9. Els vostres drets respecte de les dades personals<\/h2><p>Teniu els drets seg\u00fcents respecte a les vostres dades personals:<\/p><ul>\n                    <li>Teniu dret a saber per qu\u00e8 es necessiten les vostres dades personals, qu\u00e8 li passar\u00e0 i quant de temps es mantindr\u00e0.<\/li>\n                    <li>Dret d'acc\u00e9s: teniu dret a accedir a les vostres dades personals que ens s\u00f3n conegudes.<\/li>\n                    <li>Dret de rectificaci\u00f3: teniu dret a completar, corregir, suprimir o bloquejar les vostres dades personals sempre que ho desitgeu.<\/li>\n                    <li>Si ens doneu el consentiment per processar les seves dades, teniu el dret de revocar aquest consentiment i de suprimir les vostres dades personals.<\/li>\n                    <li>Dret de transferir les vostres dades: teniu el dret de sol\u00b7licitar totes les dades personals del controlador i transferir-les en la seva totalitat a un altre controlador.<\/li>\n                    <li>Dret a l'oposici\u00f3: podeu oposar-vos al processament de les vostres dades. Complim amb aix\u00f2, tret que hi hagi motius justificats per al processament.<\/li>\n                <\/ul><p>Per exercir aquests drets, poseu-vos en contacte amb nosaltres. Consulteu les dades de contacte a la part inferior d'aquesta Pol\u00edtica de cookies. Si teniu una queixa sobre com gestionem les vostres dades, ens agradaria escoltar-vos, per\u00f2 tamb\u00e9 teniu el dret de presentar una reclamaci\u00f3 a l'autoritat de supervisi\u00f3 (l'Ag\u00e8ncia de Protecci\u00f3 de Dades).<\/p><h2>10. Detalls de contacte<\/h2><p>Per a preguntes i\/o comentaris sobre la nostra Pol\u00edtica de cookies i aquesta declaraci\u00f3, poseu-vos en contacte amb nosaltres mitjan\u00e7ant les seg\u00fcents dades de contacte:<\/p><p><span class=\"cmplz-contact-organisation\">KRE-BAND SL<\/span><br>\n                      <span class=\"cmplz-contact-address\">Poligono Industrial Cabrianes, s\/n<br \/>\r\n08650 Cabrianes<br \/>\r\nBarcelona<br \/>\r\n<\/span><br>\n                      <span class=\"cmplz-contact-country\">Espanya<\/span><br>\n                    Lloc web: <span class=\"cmplz-contact-domain\"><a href=\"https:\/\/kbmark.cat\/ca\/\">https:\/\/kbmark.cat\/ca\/<\/a><\/span><br>\n                    Correu electr\u00f2nic: <span class=\"cmplz-contact-email\"><span class=\"cmplz-obfuscate\">moc&#x2e;d&#x6e;aberk&#064;dn&#x61;&#x62;er&#107;<\/span><\/span><br>\n                    <span class=\"cmplz-contact-telephone\">N\u00famero de tel\u00e8fon: 938 206 102<\/span><\/p><p>Aquesta pol\u00edtica de galetes s'ha sincronitzat amb <a href=\"https:\/\/cookiedatabase.org\/\" target=\"_blank\">cookiedatabase.org<\/a> el 8 de juny de 2023.<\/p><\/div>\n","protected":false},"excerpt":{"rendered":"","protected":false},"author":1,"featured_media":0,"parent":0,"menu_order":0,"comment_status":"closed","ping_status":"closed","template":"","meta":{"site-sidebar-layout":"default","site-content-layout":"","ast-site-content-layout":"","site-content-style":"default","site-sidebar-style":"default","ast-global-header-display":"","ast-banner-title-visibility":"","ast-main-header-display":"","ast-hfb-above-header-display":"","ast-hfb-below-header-display":"","ast-hfb-mobile-header-display":"","site-post-title":"","ast-breadcrumbs-content":"","ast-featured-img":"","footer-sml-layout":"","theme-transparent-header-meta":"","adv-header-id-meta":"","stick-header-meta":"","header-above-stick-meta":"","header-main-stick-meta":"","header-below-stick-meta":"","astra-migrate-meta-layouts":"default","ast-page-background-enabled":"default","ast-page-background-meta":{"desktop":{"background-color":"","background-image":"","background-repeat":"repeat","background-position":"center center","background-size":"auto","background-attachment":"scroll","background-type":"","background-media":"","overlay-type":"","overlay-color":"","overlay-opacity":"","overlay-gradient":""},"tablet":{"background-color":"","background-image":"","background-repeat":"repeat","background-position":"center center","background-size":"auto","background-attachment":"scroll","background-type":"","background-media":"","overlay-type":"","overlay-color":"","overlay-opacity":"","overlay-gradient":""},"mobile":{"background-color":"","background-image":"","background-repeat":"repeat","background-position":"center center","background-size":"auto","background-attachment":"scroll","background-type":"","background-media":"","overlay-type":"","overlay-color":"","overlay-opacity":"","overlay-gradient":""}},"ast-content-background-meta":{"desktop":{"background-color":"var(--ast-global-color-5)","background-image":"","background-repeat":"repeat","background-position":"center center","background-size":"auto","background-attachment":"scroll","background-type":"","background-media":"","overlay-type":"","overlay-color":"","overlay-opacity":"","overlay-gradient":""},"tablet":{"background-color":"var(--ast-global-color-5)","background-image":"","background-repeat":"repeat","background-position":"center center","background-size":"auto","background-attachment":"scroll","background-type":"","background-media":"","overlay-type":"","overlay-color":"","overlay-opacity":"","overlay-gradient":""},"mobile":{"background-color":"var(--ast-global-color-5)","background-image":"","background-repeat":"repeat","background-position":"center center","background-size":"auto","background-attachment":"scroll","background-type":"","background-media":"","overlay-type":"","overlay-color":"","overlay-opacity":"","overlay-gradient":""}},"footnotes":""},"class_list":["post-1595","page","type-page","status-publish","hentry"],"_links":{"self":[{"href":"https:\/\/kbmark.cat\/ca\/wp-json\/wp\/v2\/pages\/1595","targetHints":{"allow":["GET"]}}],"collection":[{"href":"https:\/\/kbmark.cat\/ca\/wp-json\/wp\/v2\/pages"}],"about":[{"href":"https:\/\/kbmark.cat\/ca\/wp-json\/wp\/v2\/types\/page"}],"author":[{"embeddable":true,"href":"https:\/\/kbmark.cat\/ca\/wp-json\/wp\/v2\/users\/1"}],"replies":[{"embeddable":true,"href":"https:\/\/kbmark.cat\/ca\/wp-json\/wp\/v2\/comments?post=1595"}],"version-history":[{"count":0,"href":"https:\/\/kbmark.cat\/ca\/wp-json\/wp\/v2\/pages\/1595\/revisions"}],"wp:attachment":[{"href":"https:\/\/kbmark.cat\/ca\/wp-json\/wp\/v2\/media?parent=1595"}],"curies":[{"name":"wp","href":"https:\/\/api.w.org\/{rel}","templated":true}]}}